{"id":1764,"date":"2021-08-02T14:23:50","date_gmt":"2021-08-02T12:23:50","guid":{"rendered":"https:\/\/www.mobilefilmfestival.com\/contacto\/"},"modified":"2021-08-25T17:49:08","modified_gmt":"2021-08-25T15:49:08","slug":"contacto","status":"publish","type":"page","link":"https:\/\/www.mobilefilmfestival.com\/es\/contacto\/","title":{"rendered":"Contacto"},"content":{"rendered":"<p>Puede que la respuesta a su pregunta est\u00e9 en <a href=\"https:\/\/www.mobilefilmfestival.com\/?kh_newsletter=inscription-de-jirouskovaluciegmail-com\">nuestras Preguntas Frecuentes.<\/a> Si aun as\u00ed no encuentra lo que buscaba, p\u00f3ngase en contacto con nuestro equipo. Hablamos franc\u00e9s, ingl\u00e9s, espa\u00f1ol, italiano.<\/p>\n<p>Ind\u00edquenos su nombre, apellido y un n\u00famero de tel\u00e9fono al ponerse en contacto con nosotros.<\/p>\n<p>+ si tiene <strong>un problema al rellenar el formulario<\/strong> :<\/p>\n<p>env\u00edenos una descripci\u00f3n de los mensajes de error e ind\u00edquenos los navegadores web utilizados.<\/p>\n<p>+ si su <strong>pregunta trata sobre una pel\u00edcula ya inscrita<\/strong>\u00a0:<\/p>\n<p>ind\u00edquenos el t\u00edtulo de la misma y el alias y direcci\u00f3n de correo utilizados en la inscripci\u00f3n.<\/p>\n<p>&nbsp;<\/p>\n<p>&nbsp;<\/p>\n","protected":false},"excerpt":{"rendered":"<p>Puede que la respuesta a su pregunta est\u00e9 en nuestras Preguntas Frecuentes. Si aun as\u00ed no encuentra lo que buscaba, p\u00f3ngase en contacto con nuestro equipo. Hablamos franc\u00e9s, ingl\u00e9s, espa\u00f1ol, italiano. Ind\u00edquenos su nombre, apellido y un n\u00famero de tel\u00e9fono al ponerse en contacto con nosotros. + si tiene un problema al rellenar el formulario [&hellip;]<\/p>\n","protected":false},"author":1,"featured_media":0,"parent":0,"menu_order":0,"comment_status":"closed","ping_status":"closed","template":"page-templates\/tpl-contact.php","meta":[],"yoast_head":"<!-- This site is optimized with the Yoast SEO plugin v17.0 - https:\/\/yoast.com\/wordpress\/plugins\/seo\/ -->\n<title>Contacto - Mobile Film Festival 17th edition<\/title>\n<meta name=\"robots\" content=\"index, follow, max-snippet:-1, max-image-preview:large, max-video-preview:-1\" \/>\n<link rel=\"canonical\" href=\"https:\/\/www.mobilefilmfestival.com\/es\/contacto\/\" \/>\n<meta property=\"og:locale\" content=\"es_ES\" \/>\n<meta property=\"og:type\" content=\"article\" \/>\n<meta property=\"og:title\" content=\"Contacto - Mobile Film Festival 17th edition\" \/>\n<meta property=\"og:description\" content=\"Puede que la respuesta a su pregunta est\u00e9 en nuestras Preguntas Frecuentes. Si aun as\u00ed no encuentra lo que buscaba, p\u00f3ngase en contacto con nuestro equipo. Hablamos franc\u00e9s, ingl\u00e9s, espa\u00f1ol, italiano. Ind\u00edquenos su nombre, apellido y un n\u00famero de tel\u00e9fono al ponerse en contacto con nosotros. + si tiene un problema al rellenar el formulario [&hellip;]\" \/>\n<meta property=\"og:url\" content=\"https:\/\/www.mobilefilmfestival.com\/es\/contacto\/\" \/>\n<meta property=\"og:site_name\" content=\"Mobile Film Festival 17th edition\" \/>\n<meta property=\"article:publisher\" content=\"https:\/\/www.facebook.com\/MobileFilmFestival\" \/>\n<meta property=\"article:modified_time\" content=\"2021-08-25T15:49:08+00:00\" \/>\n<meta property=\"og:image\" content=\"https:\/\/www.mobilefilmfestival.com\/wp-content\/uploads\/2021\/12\/opengraph_fb-phase-3.jpg\" \/>\n\t<meta property=\"og:image:width\" content=\"1200\" \/>\n\t<meta property=\"og:image:height\" content=\"650\" \/>\n<meta name=\"twitter:card\" content=\"summary_large_image\" \/>\n<meta name=\"twitter:site\" content=\"@mobilefilmfest\" \/>\n<meta name=\"twitter:label1\" content=\"Tiempo de lectura\" \/>\n\t<meta name=\"twitter:data1\" content=\"1 minuto\" \/>\n<script type=\"application\/ld+json\" class=\"yoast-schema-graph\">{\"@context\":\"https:\/\/schema.org\",\"@graph\":[{\"@type\":\"WebSite\",\"@id\":\"https:\/\/www.mobilefilmfestival.com\/#website\",\"url\":\"https:\/\/www.mobilefilmfestival.com\/\",\"name\":\"Mobile Film Festival 17th edition\",\"description\":\"1 MOBILE, 1 MINUTE, 1 FILM\",\"potentialAction\":[{\"@type\":\"SearchAction\",\"target\":{\"@type\":\"EntryPoint\",\"urlTemplate\":\"https:\/\/www.mobilefilmfestival.com\/?s={search_term_string}\"},\"query-input\":\"required name=search_term_string\"}],\"inLanguage\":\"es\"},{\"@type\":\"WebPage\",\"@id\":\"https:\/\/www.mobilefilmfestival.com\/es\/contacto\/#webpage\",\"url\":\"https:\/\/www.mobilefilmfestival.com\/es\/contacto\/\",\"name\":\"Contacto - Mobile Film Festival 17th edition\",\"isPartOf\":{\"@id\":\"https:\/\/www.mobilefilmfestival.com\/#website\"},\"datePublished\":\"2021-08-02T12:23:50+00:00\",\"dateModified\":\"2021-08-25T15:49:08+00:00\",\"breadcrumb\":{\"@id\":\"https:\/\/www.mobilefilmfestival.com\/es\/contacto\/#breadcrumb\"},\"inLanguage\":\"es\",\"potentialAction\":[{\"@type\":\"ReadAction\",\"target\":[\"https:\/\/www.mobilefilmfestival.com\/es\/contacto\/\"]}]},{\"@type\":\"BreadcrumbList\",\"@id\":\"https:\/\/www.mobilefilmfestival.com\/es\/contacto\/#breadcrumb\",\"itemListElement\":[{\"@type\":\"ListItem\",\"position\":1,\"name\":\"Home\",\"item\":\"https:\/\/www.mobilefilmfestival.com\/es\/\"},{\"@type\":\"ListItem\",\"position\":2,\"name\":\"Contacto\"}]}]}<\/script>\n<!-- \/ Yoast SEO plugin. -->","yoast_head_json":{"title":"Contacto - Mobile Film Festival 17th edition","robots":{"index":"index","follow":"follow","max-snippet":"max-snippet:-1","max-image-preview":"max-image-preview:large","max-video-preview":"max-video-preview:-1"},"canonical":"https:\/\/www.mobilefilmfestival.com\/es\/contacto\/","og_locale":"es_ES","og_type":"article","og_title":"Contacto - Mobile Film Festival 17th edition","og_description":"Puede que la respuesta a su pregunta est\u00e9 en nuestras Preguntas Frecuentes. Si aun as\u00ed no encuentra lo que buscaba, p\u00f3ngase en contacto con nuestro equipo. Hablamos franc\u00e9s, ingl\u00e9s, espa\u00f1ol, italiano. Ind\u00edquenos su nombre, apellido y un n\u00famero de tel\u00e9fono al ponerse en contacto con nosotros. + si tiene un problema al rellenar el formulario [&hellip;]","og_url":"https:\/\/www.mobilefilmfestival.com\/es\/contacto\/","og_site_name":"Mobile Film Festival 17th edition","article_publisher":"https:\/\/www.facebook.com\/MobileFilmFestival","article_modified_time":"2021-08-25T15:49:08+00:00","og_image":[{"width":1200,"height":650,"url":"https:\/\/www.mobilefilmfestival.com\/wp-content\/uploads\/2021\/12\/opengraph_fb-phase-3.jpg","path":"\/home\/mff17\/sites\/prod\/www\/wp-content\/uploads\/2021\/12\/opengraph_fb-phase-3.jpg","size":"full","id":31825,"alt":"","pixels":780000,"type":"image\/jpeg"}],"twitter_card":"summary_large_image","twitter_site":"@mobilefilmfest","twitter_misc":{"Tiempo de lectura":"1 minuto"},"schema":{"@context":"https:\/\/schema.org","@graph":[{"@type":"WebSite","@id":"https:\/\/www.mobilefilmfestival.com\/#website","url":"https:\/\/www.mobilefilmfestival.com\/","name":"Mobile Film Festival 17th edition","description":"1 MOBILE, 1 MINUTE, 1 FILM","potentialAction":[{"@type":"SearchAction","target":{"@type":"EntryPoint","urlTemplate":"https:\/\/www.mobilefilmfestival.com\/?s={search_term_string}"},"query-input":"required name=search_term_string"}],"inLanguage":"es"},{"@type":"WebPage","@id":"https:\/\/www.mobilefilmfestival.com\/es\/contacto\/#webpage","url":"https:\/\/www.mobilefilmfestival.com\/es\/contacto\/","name":"Contacto - Mobile Film Festival 17th edition","isPartOf":{"@id":"https:\/\/www.mobilefilmfestival.com\/#website"},"datePublished":"2021-08-02T12:23:50+00:00","dateModified":"2021-08-25T15:49:08+00:00","breadcrumb":{"@id":"https:\/\/www.mobilefilmfestival.com\/es\/contacto\/#breadcrumb"},"inLanguage":"es","potentialAction":[{"@type":"ReadAction","target":["https:\/\/www.mobilefilmfestival.com\/es\/contacto\/"]}]},{"@type":"BreadcrumbList","@id":"https:\/\/www.mobilefilmfestival.com\/es\/contacto\/#breadcrumb","itemListElement":[{"@type":"ListItem","position":1,"name":"Home","item":"https:\/\/www.mobilefilmfestival.com\/es\/"},{"@type":"ListItem","position":2,"name":"Contacto"}]}]}},"_links":{"self":[{"href":"https:\/\/www.mobilefilmfestival.com\/es\/wp-json\/wp\/v2\/pages\/1764"}],"collection":[{"href":"https:\/\/www.mobilefilmfestival.com\/es\/wp-json\/wp\/v2\/pages"}],"about":[{"href":"https:\/\/www.mobilefilmfestival.com\/es\/wp-json\/wp\/v2\/types\/page"}],"author":[{"embeddable":true,"href":"https:\/\/www.mobilefilmfestival.com\/es\/wp-json\/wp\/v2\/users\/1"}],"replies":[{"embeddable":true,"href":"https:\/\/www.mobilefilmfestival.com\/es\/wp-json\/wp\/v2\/comments?post=1764"}],"version-history":[{"count":2,"href":"https:\/\/www.mobilefilmfestival.com\/es\/wp-json\/wp\/v2\/pages\/1764\/revisions"}],"predecessor-version":[{"id":2731,"href":"https:\/\/www.mobilefilmfestival.com\/es\/wp-json\/wp\/v2\/pages\/1764\/revisions\/2731"}],"wp:attachment":[{"href":"https:\/\/www.mobilefilmfestival.com\/es\/wp-json\/wp\/v2\/media?parent=1764"}],"curies":[{"name":"wp","href":"https:\/\/api.w.org\/{rel}","templated":true}]}}