{"id":1772,"date":"2021-08-02T14:27:03","date_gmt":"2021-08-02T12:27:03","guid":{"rendered":"https:\/\/www.mobilefilmfestival.com\/datos-personales\/"},"modified":"2021-08-02T14:27:03","modified_gmt":"2021-08-02T12:27:03","slug":"datos-personales","status":"publish","type":"page","link":"https:\/\/www.mobilefilmfestival.com\/es\/datos-personales\/","title":{"rendered":"Datos personales"},"content":{"rendered":"<p>Por \u00abdatos de car\u00e1cter personal\u00bb, se entiende toda la informaci\u00f3n referida a usted como persona f\u00edsica que nos proporcione de manera voluntaria al inscribirse en www.mobilefilmfestival.com. Los datos de car\u00e1cter personal a los que hacemos referencia aqu\u00ed corresponden a los \u00abdatos nominativos\u00bb. El sitio www.mobilefilmfestival.com no utiliza cookies.<\/p>\n<p>\u2014Datos nominativos: se trata de informaci\u00f3n de tipo personal que usted nos proporciona al inscribirse en www.mobilefilmfestival.com. Para crear una cuenta, le rogamos que nos indique en concreto su identidad (apellido, nombre, direcci\u00f3n, direcci\u00f3n de correo electr\u00f3nico, etc.). Estos datos nominativos est\u00e1n reservados estrictamente al Usuario registrado en cuesti\u00f3n y ning\u00fan otro internauta tendr\u00e1 acceso a ellos.<\/p>\n<p>\u2014Datos de identificaci\u00f3n electr\u00f3nica: se trata de informaci\u00f3n creada a ra\u00edz de su inscripci\u00f3n. Corresponde a su seud\u00f3nimo, su direcci\u00f3n de correo electr\u00f3nico y su contrase\u00f1a. Estos datos se transfieren al sitio web dotsub.com para permitir al Usuario transcribir su v\u00eddeo, es decir, subtitularlo en su idioma.<\/p>\n<p>\u2014Compartici\u00f3n y transferencia de los datos de car\u00e1cter personal<\/p>\n<p>Sus datos de car\u00e1cter personal no ser\u00e1n divulgados bajo ninguna circunstancia, excepto en los siguientes supuestos:<br \/>\n-Si ha consentido previamente a que dicha informaci\u00f3n se comparta (por ejemplo, para operaciones de marketing directo):<br \/>\n-En caso de que tengamos que compartir dicha informaci\u00f3n con los proveedores, suministradores y, principalmente, nuestros suministradores t\u00e9cnicos, vendedores y compradores, para permitirle utilizar el producto o proporcionarle el servicio que ha solicitado.<br \/>\n-Cuando una autoridad judicial o la ley nos obligue a ello.<\/p>\n<p>\u2014Almacenamiento de los datos<\/p>\n<p>Sus datos de car\u00e1cter personal no se almacenar\u00e1n durante m\u00e1s de dos a\u00f1os.<\/p>\n<p>\u2014Derechos de acceso, modificaci\u00f3n y eliminaci\u00f3n de sus datos de car\u00e1cter personal<\/p>\n<p>Usted tiene un derecho general de acceso, rectificaci\u00f3n y de eliminaci\u00f3n de la totalidad de los datos de car\u00e1cter personal que se refieren a usted y que se han recopilado en virtud de su inscripci\u00f3n en el www.mobilefilmfestival.com. Tiene la posibilidad de modificar en cualquier momento sus datos de car\u00e1cter personal dirigi\u00e9ndose por escrito (por correo electr\u00f3nico) a contact@mobilefilmfestival.com.<\/p>\n<p>\u2014Seguridad<\/p>\n<p>El sitio web www.mobilefilmfestival.com hace todo lo que est\u00e1 en su mano para proteger sus datos de car\u00e1cter personal ante cualquier forma de da\u00f1o, p\u00e9rdida, corrupci\u00f3n, intrusi\u00f3n, divulgaci\u00f3n, alteraci\u00f3n o destrucci\u00f3n.<\/p>\n","protected":false},"excerpt":{"rendered":"<p>Por \u00abdatos de car\u00e1cter personal\u00bb, se entiende toda la informaci\u00f3n referida a usted como persona f\u00edsica que nos proporcione de manera voluntaria al inscribirse en www.mobilefilmfestival.com. Los datos de car\u00e1cter personal a los que hacemos referencia aqu\u00ed corresponden a los \u00abdatos nominativos\u00bb. El sitio www.mobilefilmfestival.com no utiliza cookies. \u2014Datos nominativos: se trata de informaci\u00f3n de [&hellip;]<\/p>\n","protected":false},"author":1,"featured_media":0,"parent":0,"menu_order":0,"comment_status":"closed","ping_status":"closed","template":"","meta":[],"yoast_head":"<!-- This site is optimized with the Yoast SEO plugin v17.0 - https:\/\/yoast.com\/wordpress\/plugins\/seo\/ -->\n<title>Datos personales - Mobile Film Festival 17th edition<\/title>\n<meta name=\"robots\" content=\"index, follow, max-snippet:-1, max-image-preview:large, max-video-preview:-1\" \/>\n<link rel=\"canonical\" href=\"https:\/\/www.mobilefilmfestival.com\/es\/datos-personales\/\" \/>\n<meta property=\"og:locale\" content=\"es_ES\" \/>\n<meta property=\"og:type\" content=\"article\" \/>\n<meta property=\"og:title\" content=\"Datos personales - Mobile Film Festival 17th edition\" \/>\n<meta property=\"og:description\" content=\"Por \u00abdatos de car\u00e1cter personal\u00bb, se entiende toda la informaci\u00f3n referida a usted como persona f\u00edsica que nos proporcione de manera voluntaria al inscribirse en www.mobilefilmfestival.com. Los datos de car\u00e1cter personal a los que hacemos referencia aqu\u00ed corresponden a los \u00abdatos nominativos\u00bb. El sitio www.mobilefilmfestival.com no utiliza cookies. \u2014Datos nominativos: se trata de informaci\u00f3n de [&hellip;]\" \/>\n<meta property=\"og:url\" content=\"https:\/\/www.mobilefilmfestival.com\/es\/datos-personales\/\" \/>\n<meta property=\"og:site_name\" content=\"Mobile Film Festival 17th edition\" \/>\n<meta property=\"article:publisher\" content=\"https:\/\/www.facebook.com\/MobileFilmFestival\" \/>\n<meta property=\"og:image\" content=\"https:\/\/www.mobilefilmfestival.com\/wp-content\/uploads\/2021\/12\/opengraph_fb-phase-3.jpg\" \/>\n\t<meta property=\"og:image:width\" content=\"1200\" \/>\n\t<meta property=\"og:image:height\" content=\"650\" \/>\n<meta name=\"twitter:card\" content=\"summary_large_image\" \/>\n<meta name=\"twitter:site\" content=\"@mobilefilmfest\" \/>\n<meta name=\"twitter:label1\" content=\"Tiempo de lectura\" \/>\n\t<meta name=\"twitter:data1\" content=\"2 minutos\" \/>\n<script type=\"application\/ld+json\" class=\"yoast-schema-graph\">{\"@context\":\"https:\/\/schema.org\",\"@graph\":[{\"@type\":\"WebSite\",\"@id\":\"https:\/\/www.mobilefilmfestival.com\/#website\",\"url\":\"https:\/\/www.mobilefilmfestival.com\/\",\"name\":\"Mobile Film Festival 17th edition\",\"description\":\"1 MOBILE, 1 MINUTE, 1 FILM\",\"potentialAction\":[{\"@type\":\"SearchAction\",\"target\":{\"@type\":\"EntryPoint\",\"urlTemplate\":\"https:\/\/www.mobilefilmfestival.com\/?s={search_term_string}\"},\"query-input\":\"required name=search_term_string\"}],\"inLanguage\":\"es\"},{\"@type\":\"WebPage\",\"@id\":\"https:\/\/www.mobilefilmfestival.com\/es\/datos-personales\/#webpage\",\"url\":\"https:\/\/www.mobilefilmfestival.com\/es\/datos-personales\/\",\"name\":\"Datos personales - Mobile Film Festival 17th edition\",\"isPartOf\":{\"@id\":\"https:\/\/www.mobilefilmfestival.com\/#website\"},\"datePublished\":\"2021-08-02T12:27:03+00:00\",\"dateModified\":\"2021-08-02T12:27:03+00:00\",\"breadcrumb\":{\"@id\":\"https:\/\/www.mobilefilmfestival.com\/es\/datos-personales\/#breadcrumb\"},\"inLanguage\":\"es\",\"potentialAction\":[{\"@type\":\"ReadAction\",\"target\":[\"https:\/\/www.mobilefilmfestival.com\/es\/datos-personales\/\"]}]},{\"@type\":\"BreadcrumbList\",\"@id\":\"https:\/\/www.mobilefilmfestival.com\/es\/datos-personales\/#breadcrumb\",\"itemListElement\":[{\"@type\":\"ListItem\",\"position\":1,\"name\":\"Home\",\"item\":\"https:\/\/www.mobilefilmfestival.com\/es\/\"},{\"@type\":\"ListItem\",\"position\":2,\"name\":\"Datos personales\"}]}]}<\/script>\n<!-- \/ Yoast SEO plugin. -->","yoast_head_json":{"title":"Datos personales - Mobile Film Festival 17th edition","robots":{"index":"index","follow":"follow","max-snippet":"max-snippet:-1","max-image-preview":"max-image-preview:large","max-video-preview":"max-video-preview:-1"},"canonical":"https:\/\/www.mobilefilmfestival.com\/es\/datos-personales\/","og_locale":"es_ES","og_type":"article","og_title":"Datos personales - Mobile Film Festival 17th edition","og_description":"Por \u00abdatos de car\u00e1cter personal\u00bb, se entiende toda la informaci\u00f3n referida a usted como persona f\u00edsica que nos proporcione de manera voluntaria al inscribirse en www.mobilefilmfestival.com. Los datos de car\u00e1cter personal a los que hacemos referencia aqu\u00ed corresponden a los \u00abdatos nominativos\u00bb. El sitio www.mobilefilmfestival.com no utiliza cookies. \u2014Datos nominativos: se trata de informaci\u00f3n de [&hellip;]","og_url":"https:\/\/www.mobilefilmfestival.com\/es\/datos-personales\/","og_site_name":"Mobile Film Festival 17th edition","article_publisher":"https:\/\/www.facebook.com\/MobileFilmFestival","og_image":[{"width":1200,"height":650,"url":"https:\/\/www.mobilefilmfestival.com\/wp-content\/uploads\/2021\/12\/opengraph_fb-phase-3.jpg","path":"\/home\/mff17\/sites\/prod\/www\/wp-content\/uploads\/2021\/12\/opengraph_fb-phase-3.jpg","size":"full","id":31825,"alt":"","pixels":780000,"type":"image\/jpeg"}],"twitter_card":"summary_large_image","twitter_site":"@mobilefilmfest","twitter_misc":{"Tiempo de lectura":"2 minutos"},"schema":{"@context":"https:\/\/schema.org","@graph":[{"@type":"WebSite","@id":"https:\/\/www.mobilefilmfestival.com\/#website","url":"https:\/\/www.mobilefilmfestival.com\/","name":"Mobile Film Festival 17th edition","description":"1 MOBILE, 1 MINUTE, 1 FILM","potentialAction":[{"@type":"SearchAction","target":{"@type":"EntryPoint","urlTemplate":"https:\/\/www.mobilefilmfestival.com\/?s={search_term_string}"},"query-input":"required name=search_term_string"}],"inLanguage":"es"},{"@type":"WebPage","@id":"https:\/\/www.mobilefilmfestival.com\/es\/datos-personales\/#webpage","url":"https:\/\/www.mobilefilmfestival.com\/es\/datos-personales\/","name":"Datos personales - Mobile Film Festival 17th edition","isPartOf":{"@id":"https:\/\/www.mobilefilmfestival.com\/#website"},"datePublished":"2021-08-02T12:27:03+00:00","dateModified":"2021-08-02T12:27:03+00:00","breadcrumb":{"@id":"https:\/\/www.mobilefilmfestival.com\/es\/datos-personales\/#breadcrumb"},"inLanguage":"es","potentialAction":[{"@type":"ReadAction","target":["https:\/\/www.mobilefilmfestival.com\/es\/datos-personales\/"]}]},{"@type":"BreadcrumbList","@id":"https:\/\/www.mobilefilmfestival.com\/es\/datos-personales\/#breadcrumb","itemListElement":[{"@type":"ListItem","position":1,"name":"Home","item":"https:\/\/www.mobilefilmfestival.com\/es\/"},{"@type":"ListItem","position":2,"name":"Datos personales"}]}]}},"_links":{"self":[{"href":"https:\/\/www.mobilefilmfestival.com\/es\/wp-json\/wp\/v2\/pages\/1772"}],"collection":[{"href":"https:\/\/www.mobilefilmfestival.com\/es\/wp-json\/wp\/v2\/pages"}],"about":[{"href":"https:\/\/www.mobilefilmfestival.com\/es\/wp-json\/wp\/v2\/types\/page"}],"author":[{"embeddable":true,"href":"https:\/\/www.mobilefilmfestival.com\/es\/wp-json\/wp\/v2\/users\/1"}],"replies":[{"embeddable":true,"href":"https:\/\/www.mobilefilmfestival.com\/es\/wp-json\/wp\/v2\/comments?post=1772"}],"version-history":[{"count":0,"href":"https:\/\/www.mobilefilmfestival.com\/es\/wp-json\/wp\/v2\/pages\/1772\/revisions"}],"wp:attachment":[{"href":"https:\/\/www.mobilefilmfestival.com\/es\/wp-json\/wp\/v2\/media?parent=1772"}],"curies":[{"name":"wp","href":"https:\/\/api.w.org\/{rel}","templated":true}]}}