{"id":1770,"date":"2021-08-02T14:26:27","date_gmt":"2021-08-02T12:26:27","guid":{"rendered":"https:\/\/www.mobilefilmfestival.com\/dados-pessoais\/"},"modified":"2021-08-02T14:26:27","modified_gmt":"2021-08-02T12:26:27","slug":"dados-pessoais","status":"publish","type":"page","link":"https:\/\/www.mobilefilmfestival.com\/pt-br\/dados-pessoais\/","title":{"rendered":"Dados pessoais"},"content":{"rendered":"<p>Os \u201cdados pessoais\u201d se definem como todas as informa\u00e7\u00f5es relativas a voc\u00ea como pessoa f\u00edsica que voc\u00ea nos fornece voluntariamente ao se inscrever no www.mobilefilmfestival.com. Os dados pessoais aos quais nos referimos aqui correspondem aos \u201cdados nominativos\u201d. O website www.mobilefilmfestival.com n\u00e3o utiliza cookies.<\/p>\n<p>&#8211; Dados nominativos: s\u00e3o informa\u00e7\u00f5es pessoais que voc\u00ea nos fornece ao se inscrever em www.mobilefilmfestival.com. Para abrir uma conta, solicitaremos em particular que voc\u00ea declare a sua identidade (sobrenome, nome, endere\u00e7o, e-mail etc.). Estes dados nominativos s\u00e3o estritamente reservados ao Usu\u00e1rio Registrado interessado e s\u00e3o inacess\u00edveis aos outros internautas.<\/p>\n<p>&#8211; Dados de identifica\u00e7\u00e3o eletr\u00f4nica: s\u00e3o informa\u00e7\u00f5es criadas no momento da sua inscri\u00e7\u00e3o. Correspondem ao seu nome de usu\u00e1rio, e-mail e senha. Estes dados s\u00e3o confiados ao site dotsub.com, para permitir que o Usu\u00e1rio transcreva o seu v\u00eddeo (que o legende no seu idioma).<\/p>\n<p>&#8211; Compartilhamento e transfer\u00eancia de dados pessoais<\/p>\n<p>Em nenhuma hip\u00f3tese os seus dados pessoais ser\u00e3o divulgados, exceto nos seguintes casos:<br \/>\n. quando voc\u00ea tiver dado o seu consentimento pr\u00e9vio para o compartilhamento dessas informa\u00e7\u00f5es (por exemplo, para opera\u00e7\u00f5es de marketing direto):<br \/>\n. quando tivermos que compartilhar essas informa\u00e7\u00f5es com os fornecedores, prestadores e, em particular, com os nossos prestadores de servi\u00e7os t\u00e9cnicos, vendedores e compradores, para permitir que voc\u00ea utilize o produto ou para lhe fornecer o servi\u00e7o que tiver solicitado<br \/>\n. quando formos obrigados a isso por uma autoridade judicial ou pela lei<\/p>\n<p>&#8211; Conserva\u00e7\u00e3o dos dados<\/p>\n<p>Os seus dados pessoais n\u00e3o s\u00e3o conservados por mais de dois anos.<\/p>\n<p>&#8211; Direitos de acesso, modifica\u00e7\u00e3o e exclus\u00e3o dos seus dados pessoais<\/p>\n<p>Voc\u00ea disp\u00f5e do direito geral de acesso, retifica\u00e7\u00e3o e exclus\u00e3o do conjunto de dados pessoais referentes a voc\u00ea que foram coletados a t\u00edtulo da sua inscri\u00e7\u00e3o no website www.mobilefilmfestival.com. Voc\u00ea pode modificar os seus dados pessoais a qualquer momento enviando um e-mail para contact@mobilefilmfestival.com<\/p>\n<p>&#8211; Seguran\u00e7a<\/p>\n<p>O website www.mobilefilmfestival.com exerce os seus melhores esfor\u00e7os para proteger os seus dados pessoais contra qualquer forma de dano, perda, desvio, intrus\u00e3o, divulga\u00e7\u00e3o, altera\u00e7\u00e3o ou destrui\u00e7\u00e3o.<\/p>\n","protected":false},"excerpt":{"rendered":"<p>Os \u201cdados pessoais\u201d se definem como todas as informa\u00e7\u00f5es relativas a voc\u00ea como pessoa f\u00edsica que voc\u00ea nos fornece voluntariamente ao se inscrever no www.mobilefilmfestival.com. Os dados pessoais aos quais nos referimos aqui correspondem aos \u201cdados nominativos\u201d. O website www.mobilefilmfestival.com n\u00e3o utiliza cookies. &#8211; Dados nominativos: s\u00e3o informa\u00e7\u00f5es pessoais que voc\u00ea nos fornece ao se [&hellip;]<\/p>\n","protected":false},"author":1,"featured_media":0,"parent":0,"menu_order":0,"comment_status":"closed","ping_status":"closed","template":"","meta":[],"yoast_head":"<!-- This site is optimized with the Yoast SEO plugin v17.0 - https:\/\/yoast.com\/wordpress\/plugins\/seo\/ -->\n<title>Dados pessoais - Mobile Film Festival 17th edition<\/title>\n<meta name=\"robots\" content=\"index, follow, max-snippet:-1, max-image-preview:large, max-video-preview:-1\" \/>\n<link rel=\"canonical\" href=\"https:\/\/www.mobilefilmfestival.com\/pt-br\/dados-pessoais\/\" \/>\n<meta property=\"og:locale\" content=\"pt_BR\" \/>\n<meta property=\"og:type\" content=\"article\" \/>\n<meta property=\"og:title\" content=\"Dados pessoais - Mobile Film Festival 17th edition\" \/>\n<meta property=\"og:description\" content=\"Os \u201cdados pessoais\u201d se definem como todas as informa\u00e7\u00f5es relativas a voc\u00ea como pessoa f\u00edsica que voc\u00ea nos fornece voluntariamente ao se inscrever no www.mobilefilmfestival.com. Os dados pessoais aos quais nos referimos aqui correspondem aos \u201cdados nominativos\u201d. O website www.mobilefilmfestival.com n\u00e3o utiliza cookies. &#8211; Dados nominativos: s\u00e3o informa\u00e7\u00f5es pessoais que voc\u00ea nos fornece ao se [&hellip;]\" \/>\n<meta property=\"og:url\" content=\"https:\/\/www.mobilefilmfestival.com\/pt-br\/dados-pessoais\/\" \/>\n<meta property=\"og:site_name\" content=\"Mobile Film Festival 17th edition\" \/>\n<meta property=\"article:publisher\" content=\"https:\/\/www.facebook.com\/MobileFilmFestival\" \/>\n<meta property=\"og:image\" content=\"https:\/\/www.mobilefilmfestival.com\/wp-content\/uploads\/2021\/12\/opengraph_fb-phase-3.jpg\" \/>\n\t<meta property=\"og:image:width\" content=\"1200\" \/>\n\t<meta property=\"og:image:height\" content=\"650\" \/>\n<meta name=\"twitter:card\" content=\"summary_large_image\" \/>\n<meta name=\"twitter:site\" content=\"@mobilefilmfest\" \/>\n<meta name=\"twitter:label1\" content=\"Est. tempo de leitura\" \/>\n\t<meta name=\"twitter:data1\" content=\"2 minutos\" \/>\n<script type=\"application\/ld+json\" class=\"yoast-schema-graph\">{\"@context\":\"https:\/\/schema.org\",\"@graph\":[{\"@type\":\"WebSite\",\"@id\":\"https:\/\/www.mobilefilmfestival.com\/#website\",\"url\":\"https:\/\/www.mobilefilmfestival.com\/\",\"name\":\"Mobile Film Festival 17th edition\",\"description\":\"1 MOBILE, 1 MINUTE, 1 FILM\",\"potentialAction\":[{\"@type\":\"SearchAction\",\"target\":{\"@type\":\"EntryPoint\",\"urlTemplate\":\"https:\/\/www.mobilefilmfestival.com\/?s={search_term_string}\"},\"query-input\":\"required name=search_term_string\"}],\"inLanguage\":\"pt-BR\"},{\"@type\":\"WebPage\",\"@id\":\"https:\/\/www.mobilefilmfestival.com\/pt-br\/dados-pessoais\/#webpage\",\"url\":\"https:\/\/www.mobilefilmfestival.com\/pt-br\/dados-pessoais\/\",\"name\":\"Dados pessoais - Mobile Film Festival 17th edition\",\"isPartOf\":{\"@id\":\"https:\/\/www.mobilefilmfestival.com\/#website\"},\"datePublished\":\"2021-08-02T12:26:27+00:00\",\"dateModified\":\"2021-08-02T12:26:27+00:00\",\"breadcrumb\":{\"@id\":\"https:\/\/www.mobilefilmfestival.com\/pt-br\/dados-pessoais\/#breadcrumb\"},\"inLanguage\":\"pt-BR\",\"potentialAction\":[{\"@type\":\"ReadAction\",\"target\":[\"https:\/\/www.mobilefilmfestival.com\/pt-br\/dados-pessoais\/\"]}]},{\"@type\":\"BreadcrumbList\",\"@id\":\"https:\/\/www.mobilefilmfestival.com\/pt-br\/dados-pessoais\/#breadcrumb\",\"itemListElement\":[{\"@type\":\"ListItem\",\"position\":1,\"name\":\"Home\",\"item\":\"https:\/\/www.mobilefilmfestival.com\/pt-br\/\"},{\"@type\":\"ListItem\",\"position\":2,\"name\":\"Dados pessoais\"}]}]}<\/script>\n<!-- \/ Yoast SEO plugin. -->","yoast_head_json":{"title":"Dados pessoais - Mobile Film Festival 17th edition","robots":{"index":"index","follow":"follow","max-snippet":"max-snippet:-1","max-image-preview":"max-image-preview:large","max-video-preview":"max-video-preview:-1"},"canonical":"https:\/\/www.mobilefilmfestival.com\/pt-br\/dados-pessoais\/","og_locale":"pt_BR","og_type":"article","og_title":"Dados pessoais - Mobile Film Festival 17th edition","og_description":"Os \u201cdados pessoais\u201d se definem como todas as informa\u00e7\u00f5es relativas a voc\u00ea como pessoa f\u00edsica que voc\u00ea nos fornece voluntariamente ao se inscrever no www.mobilefilmfestival.com. Os dados pessoais aos quais nos referimos aqui correspondem aos \u201cdados nominativos\u201d. O website www.mobilefilmfestival.com n\u00e3o utiliza cookies. &#8211; Dados nominativos: s\u00e3o informa\u00e7\u00f5es pessoais que voc\u00ea nos fornece ao se [&hellip;]","og_url":"https:\/\/www.mobilefilmfestival.com\/pt-br\/dados-pessoais\/","og_site_name":"Mobile Film Festival 17th edition","article_publisher":"https:\/\/www.facebook.com\/MobileFilmFestival","og_image":[{"width":1200,"height":650,"url":"https:\/\/www.mobilefilmfestival.com\/wp-content\/uploads\/2021\/12\/opengraph_fb-phase-3.jpg","path":"\/home\/mff17\/sites\/prod\/www\/wp-content\/uploads\/2021\/12\/opengraph_fb-phase-3.jpg","size":"full","id":31825,"alt":"","pixels":780000,"type":"image\/jpeg"}],"twitter_card":"summary_large_image","twitter_site":"@mobilefilmfest","twitter_misc":{"Est. tempo de leitura":"2 minutos"},"schema":{"@context":"https:\/\/schema.org","@graph":[{"@type":"WebSite","@id":"https:\/\/www.mobilefilmfestival.com\/#website","url":"https:\/\/www.mobilefilmfestival.com\/","name":"Mobile Film Festival 17th edition","description":"1 MOBILE, 1 MINUTE, 1 FILM","potentialAction":[{"@type":"SearchAction","target":{"@type":"EntryPoint","urlTemplate":"https:\/\/www.mobilefilmfestival.com\/?s={search_term_string}"},"query-input":"required name=search_term_string"}],"inLanguage":"pt-BR"},{"@type":"WebPage","@id":"https:\/\/www.mobilefilmfestival.com\/pt-br\/dados-pessoais\/#webpage","url":"https:\/\/www.mobilefilmfestival.com\/pt-br\/dados-pessoais\/","name":"Dados pessoais - Mobile Film Festival 17th edition","isPartOf":{"@id":"https:\/\/www.mobilefilmfestival.com\/#website"},"datePublished":"2021-08-02T12:26:27+00:00","dateModified":"2021-08-02T12:26:27+00:00","breadcrumb":{"@id":"https:\/\/www.mobilefilmfestival.com\/pt-br\/dados-pessoais\/#breadcrumb"},"inLanguage":"pt-BR","potentialAction":[{"@type":"ReadAction","target":["https:\/\/www.mobilefilmfestival.com\/pt-br\/dados-pessoais\/"]}]},{"@type":"BreadcrumbList","@id":"https:\/\/www.mobilefilmfestival.com\/pt-br\/dados-pessoais\/#breadcrumb","itemListElement":[{"@type":"ListItem","position":1,"name":"Home","item":"https:\/\/www.mobilefilmfestival.com\/pt-br\/"},{"@type":"ListItem","position":2,"name":"Dados pessoais"}]}]}},"_links":{"self":[{"href":"https:\/\/www.mobilefilmfestival.com\/pt-br\/wp-json\/wp\/v2\/pages\/1770"}],"collection":[{"href":"https:\/\/www.mobilefilmfestival.com\/pt-br\/wp-json\/wp\/v2\/pages"}],"about":[{"href":"https:\/\/www.mobilefilmfestival.com\/pt-br\/wp-json\/wp\/v2\/types\/page"}],"author":[{"embeddable":true,"href":"https:\/\/www.mobilefilmfestival.com\/pt-br\/wp-json\/wp\/v2\/users\/1"}],"replies":[{"embeddable":true,"href":"https:\/\/www.mobilefilmfestival.com\/pt-br\/wp-json\/wp\/v2\/comments?post=1770"}],"version-history":[{"count":0,"href":"https:\/\/www.mobilefilmfestival.com\/pt-br\/wp-json\/wp\/v2\/pages\/1770\/revisions"}],"wp:attachment":[{"href":"https:\/\/www.mobilefilmfestival.com\/pt-br\/wp-json\/wp\/v2\/media?parent=1770"}],"curies":[{"name":"wp","href":"https:\/\/api.w.org\/{rel}","templated":true}]}}